{"id":33,"date":"2025-12-28T09:04:21","date_gmt":"2025-12-28T08:04:21","guid":{"rendered":"https:\/\/localhost\/sportunion\/tischtennis\/?page_id=33"},"modified":"2026-03-09T19:27:19","modified_gmt":"2026-03-09T18:27:19","slug":"verein","status":"publish","type":"page","link":"https:\/\/sportunion-oberndorf.hannes-scheibelauer.at\/tischtennis\/verein\/","title":{"rendered":"Verein"},"content":{"rendered":"\n<div class=\"wp-block-group has-ast-global-color-7-background-color has-background is-layout-constrained wp-container-core-group-is-layout-54981026 wp-block-group-is-layout-constrained\" style=\"padding-top:50px;padding-right:5vw;padding-bottom:5px;padding-left:5vw\">\n<h2 class=\"wp-block-heading has-x-large-font-size\">Verein<\/h2>\n\n\n\n<div class=\"wp-block-columns is-layout-flex wp-container-core-columns-is-layout-532846bb wp-block-columns-is-layout-flex\" style=\"margin-bottom:50px\">\n<div class=\"wp-block-column is-layout-flow wp-block-column-is-layout-flow\">\n<p class=\"has-ast-global-color-6-color has-text-color has-link-color has-medium-font-size wp-elements-62bbac0981f312e4549c614ebbfe914c\">Die Sektion Tischtennis der Sportunion Oberndorf z\u00e4hlt wohl zu den erfolgreichsten Vereinen im Nieder\u00f6sterreichischen Tischtennissport. Unter der langj\u00e4hrigen Leitung von Franz Sturmlechner wurden viele Titel gewonnen und einige Spitzensportler hervorgebracht. Unter anderem Petra Fichtinger, Martin Doppler und Gerhard Fichtinger.<br>Aber auch der Breitensport soll in unserer Sektion nicht zu kurz kommen. So werden jedes Jahr ein Nikolaus- sowie ein Hobbyturnier veranstaltet, die sich gr\u00f6\u00dfter Beliebtheit erfreuen.<\/p>\n<\/div>\n\n\n\n<div class=\"wp-block-column is-layout-flow wp-block-column-is-layout-flow\">\n<figure class=\"wp-block-image size-large\"><img loading=\"lazy\" decoding=\"async\" width=\"1024\" height=\"577\" src=\"https:\/\/sportunion-oberndorf.hannes-scheibelauer.at\/tischtennis\/wp-content\/uploads\/sites\/2\/2026\/02\/1974-Erste-Herrenmannschaft-1-1024x577.jpg\" alt=\"\" class=\"wp-image-268\" srcset=\"https:\/\/sportunion-oberndorf.hannes-scheibelauer.at\/tischtennis\/wp-content\/uploads\/sites\/2\/2026\/02\/1974-Erste-Herrenmannschaft-1-1024x577.jpg 1024w, https:\/\/sportunion-oberndorf.hannes-scheibelauer.at\/tischtennis\/wp-content\/uploads\/sites\/2\/2026\/02\/1974-Erste-Herrenmannschaft-1-300x169.jpg 300w, https:\/\/sportunion-oberndorf.hannes-scheibelauer.at\/tischtennis\/wp-content\/uploads\/sites\/2\/2026\/02\/1974-Erste-Herrenmannschaft-1-768x433.jpg 768w, https:\/\/sportunion-oberndorf.hannes-scheibelauer.at\/tischtennis\/wp-content\/uploads\/sites\/2\/2026\/02\/1974-Erste-Herrenmannschaft-1-1536x865.jpg 1536w, https:\/\/sportunion-oberndorf.hannes-scheibelauer.at\/tischtennis\/wp-content\/uploads\/sites\/2\/2026\/02\/1974-Erste-Herrenmannschaft-1-2048x1154.jpg 2048w\" sizes=\"auto, (max-width: 1024px) 100vw, 1024px\" \/><figcaption class=\"wp-element-caption\">Erste Herrenmanschaft &#8211; 1974<\/figcaption><\/figure>\n<\/div>\n<\/div>\n\n\n\n<div class=\"wp-block-columns are-vertically-aligned-top is-layout-flex wp-container-core-columns-is-layout-532846bb wp-block-columns-is-layout-flex\" style=\"margin-bottom:50px\">\n<div class=\"wp-block-column is-vertically-aligned-top is-layout-flow wp-block-column-is-layout-flow\">\n<figure class=\"wp-block-image size-large\"><img loading=\"lazy\" decoding=\"async\" width=\"1024\" height=\"577\" src=\"https:\/\/sportunion-oberndorf.hannes-scheibelauer.at\/tischtennis\/wp-content\/uploads\/sites\/2\/2026\/02\/Petra-in-China-1024x577.jpg\" alt=\"\" class=\"wp-image-266\" srcset=\"https:\/\/sportunion-oberndorf.hannes-scheibelauer.at\/tischtennis\/wp-content\/uploads\/sites\/2\/2026\/02\/Petra-in-China-1024x577.jpg 1024w, https:\/\/sportunion-oberndorf.hannes-scheibelauer.at\/tischtennis\/wp-content\/uploads\/sites\/2\/2026\/02\/Petra-in-China-300x169.jpg 300w, https:\/\/sportunion-oberndorf.hannes-scheibelauer.at\/tischtennis\/wp-content\/uploads\/sites\/2\/2026\/02\/Petra-in-China-768x433.jpg 768w, https:\/\/sportunion-oberndorf.hannes-scheibelauer.at\/tischtennis\/wp-content\/uploads\/sites\/2\/2026\/02\/Petra-in-China-1536x865.jpg 1536w, https:\/\/sportunion-oberndorf.hannes-scheibelauer.at\/tischtennis\/wp-content\/uploads\/sites\/2\/2026\/02\/Petra-in-China-2048x1154.jpg 2048w\" sizes=\"auto, (max-width: 1024px) 100vw, 1024px\" \/><figcaption class=\"wp-element-caption\">Petra Fichtinger auf einem Trainingslager in China<\/figcaption><\/figure>\n<\/div>\n\n\n\n<div class=\"wp-block-column is-vertically-aligned-top is-layout-flow wp-block-column-is-layout-flow\">\n<p class=\"has-ast-global-color-6-color has-text-color has-link-color has-medium-font-size wp-elements-69cfe86a2e84e1b85b471b8a879e7a0d\"><strong>Damen \u2013 1. Bundesliga bis 2017<\/strong><br>Staatsmeister 1993 und 1994;<br>Vize-Staatsmeister 1992, 1995, 1996, 1999<\/p>\n\n\n\n<p class=\"has-ast-global-color-6-color has-text-color has-link-color has-medium-font-size wp-elements-4450f4e5f2712c4a12c381e1912e6919\"><strong>Herren \u2013 2. Bundesliga<\/strong><br>2. BL Vizemeister 2014, Landesmeister 2009 und 2012<\/p>\n\n\n\n<p class=\"has-ast-global-color-6-color has-text-color has-link-color has-medium-font-size wp-elements-83e80008a143e9401c0caf6962f1c000\"><strong>Petra Fichtinger:<\/strong><br>Jugend-Europameisterin 1991 im Doppel;<br>Jugend-Vize-Europameisterin im Einzel 1991<\/p>\n<\/div>\n<\/div>\n<\/div>\n\n\n\n<div class=\"wp-block-group is-layout-constrained wp-container-core-group-is-layout-6de786c3 wp-block-group-is-layout-constrained\" style=\"padding-right:5vw;padding-left:5vw\">\n<div class=\"wp-block-columns is-layout-flex wp-container-core-columns-is-layout-d0b3c9c8 wp-block-columns-is-layout-flex\">\n<div class=\"wp-block-column is-layout-flow wp-block-column-is-layout-flow\">\n<p class=\"has-text-align-center has-large-font-size\"><strong>Tischtennis Zeitung<\/strong><\/p>\n\n\n\n<div class=\"wp-block-file\"><a id=\"wp-block-file--media-d2e96ea4-f16e-473f-b88f-0134e3d98e43\" href=\"https:\/\/sportunion-oberndorf.hannes-scheibelauer.at\/wp-content\/uploads\/sites\/2\/2026\/01\/2025_Juni.pdf\">2025_Juni<\/a><a href=\"https:\/\/sportunion-oberndorf.hannes-scheibelauer.at\/wp-content\/uploads\/sites\/2\/2026\/01\/2025_Juni.pdf\" class=\"wp-block-file__button wp-element-button\" download aria-describedby=\"wp-block-file--media-d2e96ea4-f16e-473f-b88f-0134e3d98e43\">Herunterladen<\/a><\/div>\n\n\n\n<div class=\"wp-block-file\"><a id=\"wp-block-file--media-f8dd1bab-c0ac-41ad-8647-8ac35c2ed16f\" href=\"https:\/\/sportunion-oberndorf.hannes-scheibelauer.at\/wp-content\/uploads\/sites\/2\/2026\/01\/2025_Jaenner.pdf\">2025_J\u00e4nner<\/a><a href=\"https:\/\/sportunion-oberndorf.hannes-scheibelauer.at\/wp-content\/uploads\/sites\/2\/2026\/01\/2025_Jaenner.pdf\" class=\"wp-block-file__button wp-element-button\" download aria-describedby=\"wp-block-file--media-f8dd1bab-c0ac-41ad-8647-8ac35c2ed16f\">Herunterladen<\/a><\/div>\n\n\n\n<div class=\"wp-block-file\"><a id=\"wp-block-file--media-323ae7e2-3d63-4a51-b88c-b1903e59d037\" href=\"https:\/\/sportunion-oberndorf.hannes-scheibelauer.at\/wp-content\/uploads\/sites\/2\/2026\/01\/2024_Juni.pdf\">2024_Juni<\/a><a href=\"https:\/\/sportunion-oberndorf.hannes-scheibelauer.at\/wp-content\/uploads\/sites\/2\/2026\/01\/2024_Juni.pdf\" class=\"wp-block-file__button wp-element-button\" download aria-describedby=\"wp-block-file--media-323ae7e2-3d63-4a51-b88c-b1903e59d037\">Herunterladen<\/a><\/div>\n\n\n\n<div class=\"wp-block-file\"><a id=\"wp-block-file--media-6d9675dd-9a7c-4c04-84cc-845f3e8ab911\" href=\"https:\/\/sportunion-oberndorf.hannes-scheibelauer.at\/wp-content\/uploads\/sites\/2\/2026\/01\/2023_Juni.pdf\">2023_Juni<\/a><a href=\"https:\/\/sportunion-oberndorf.hannes-scheibelauer.at\/wp-content\/uploads\/sites\/2\/2026\/01\/2023_Juni.pdf\" class=\"wp-block-file__button wp-element-button\" download aria-describedby=\"wp-block-file--media-6d9675dd-9a7c-4c04-84cc-845f3e8ab911\">Herunterladen<\/a><\/div>\n\n\n\n<div class=\"wp-block-file\"><a id=\"wp-block-file--media-12dd389a-68f3-441d-9853-efc67cec0781\" href=\"https:\/\/sportunion-oberndorf.hannes-scheibelauer.at\/wp-content\/uploads\/sites\/2\/2026\/01\/2023_Februar.pdf\">2023_Februar<\/a><a href=\"https:\/\/sportunion-oberndorf.hannes-scheibelauer.at\/wp-content\/uploads\/sites\/2\/2026\/01\/2023_Februar.pdf\" class=\"wp-block-file__button wp-element-button\" download aria-describedby=\"wp-block-file--media-12dd389a-68f3-441d-9853-efc67cec0781\">Herunterladen<\/a><\/div>\n<\/div>\n\n\n\n<div class=\"wp-block-column is-layout-flow wp-block-column-is-layout-flow\">\n<p class=\"has-text-align-center has-ast-global-color-6-color has-text-color has-link-color has-large-font-size wp-elements-588e8cad1b65e5204ab29e40c36d2034\"><strong>Trainingszeiten<\/strong><\/p>\n\n\n\n<p class=\"has-text-align-center has-ast-global-color-6-color has-text-color has-link-color has-medium-font-size wp-elements-bb0300f24f2ef1d8e1415602b5426d98\"><strong>Mittwoch &nbsp;<\/strong>&nbsp;&nbsp;&nbsp;&nbsp;&nbsp;&nbsp;&nbsp;&nbsp;&nbsp;&nbsp;&nbsp;&nbsp;&nbsp;&nbsp;&nbsp;&nbsp;&nbsp; <strong>18.00 \u2013 20.00 Uhr<\/strong><\/p>\n\n\n\n<p class=\"has-text-align-center has-ast-global-color-6-color has-text-color has-link-color has-medium-font-size wp-elements-9339bfbc596f2603be6699eb5461257e\"><strong>Freitag<\/strong>&nbsp;&nbsp;&nbsp;&nbsp;&nbsp;&nbsp;&nbsp;&nbsp;&nbsp;&nbsp;&nbsp;&nbsp;&nbsp;&nbsp;&nbsp;&nbsp;&nbsp;&nbsp;&nbsp;&nbsp;&nbsp;&nbsp;&nbsp; <strong>19.00 \u2013 21.30 Uhr<\/strong><\/p>\n\n\n\n<div class=\"wp-block-group is-layout-constrained wp-block-group-is-layout-constrained\" style=\"padding-top:var(--wp--preset--spacing--70)\">\n<p class=\"has-text-align-center has-ast-global-color-6-color has-text-color has-link-color wp-elements-e46aafe859105ff8fabaeb2ccfafb306\" style=\"margin-top:0;margin-bottom:0;padding-top:0;padding-bottom:0;font-size:26px\">Kalender f\u00fcr die Tischtennis Halle Oberndorf:<\/p>\n\n\n\n<p class=\"has-text-align-center has-large-font-size\" style=\"margin-top:0;margin-bottom:0;padding-top:0;padding-bottom:0\"><a href=\"https:\/\/tto.bplaced.net\/kalender.php\"><strong>bplaced<\/strong><\/a><\/p>\n<\/div>\n<\/div>\n<\/div>\n<\/div>\n\n\n\n<p><\/p>\n","protected":false},"excerpt":{"rendered":"<p>Verein Die Sektion Tischtennis der Sportunion Oberndorf z\u00e4hlt wohl zu den erfolgreichsten Vereinen im Nieder\u00f6sterreichischen Tischtennissport. Unter der langj\u00e4hrigen Leitung von Franz Sturmlechner wurden viele Titel gewonnen und einige Spitzensportler [&hellip;]<\/p>\n","protected":false},"author":1,"featured_media":0,"parent":0,"menu_order":0,"comment_status":"closed","ping_status":"closed","template":"","meta":{"_uag_custom_page_level_css":"","site-sidebar-layout":"default","site-content-layout":"","ast-site-content-layout":"default","site-content-style":"default","site-sidebar-style":"default","ast-global-header-display":"","ast-banner-title-visibility":"","ast-main-header-display":"","ast-hfb-above-header-display":"","ast-hfb-below-header-display":"","ast-hfb-mobile-header-display":"","site-post-title":"disabled","ast-breadcrumbs-content":"","ast-featured-img":"","footer-sml-layout":"","ast-disable-related-posts":"","theme-transparent-header-meta":"","adv-header-id-meta":"","stick-header-meta":"","header-above-stick-meta":"","header-main-stick-meta":"","header-below-stick-meta":"","astra-migrate-meta-layouts":"default","ast-page-background-enabled":"default","ast-page-background-meta":{"desktop":{"background-color":"var(--ast-global-color-5)","background-image":"","background-repeat":"repeat","background-position":"center center","background-size":"auto","background-attachment":"scroll","background-type":"","background-media":"","overlay-type":"","overlay-color":"","overlay-opacity":"","overlay-gradient":""},"tablet":{"background-color":"","background-image":"","background-repeat":"repeat","background-position":"center center","background-size":"auto","background-attachment":"scroll","background-type":"","background-media":"","overlay-type":"","overlay-color":"","overlay-opacity":"","overlay-gradient":""},"mobile":{"background-color":"","background-image":"","background-repeat":"repeat","background-position":"center center","background-size":"auto","background-attachment":"scroll","background-type":"","background-media":"","overlay-type":"","overlay-color":"","overlay-opacity":"","overlay-gradient":""}},"ast-content-background-meta":{"desktop":{"background-color":"var(--ast-global-color-4)","background-image":"","background-repeat":"repeat","background-position":"center center","background-size":"auto","background-attachment":"scroll","background-type":"","background-media":"","overlay-type":"","overlay-color":"","overlay-opacity":"","overlay-gradient":""},"tablet":{"background-color":"var(--ast-global-color-4)","background-image":"","background-repeat":"repeat","background-position":"center center","background-size":"auto","background-attachment":"scroll","background-type":"","background-media":"","overlay-type":"","overlay-color":"","overlay-opacity":"","overlay-gradient":""},"mobile":{"background-color":"var(--ast-global-color-4)","background-image":"","background-repeat":"repeat","background-position":"center center","background-size":"auto","background-attachment":"scroll","background-type":"","background-media":"","overlay-type":"","overlay-color":"","overlay-opacity":"","overlay-gradient":""}},"footnotes":""},"class_list":["post-33","page","type-page","status-publish","hentry"],"uagb_featured_image_src":{"full":false,"thumbnail":false,"medium":false,"medium_large":false,"large":false,"1536x1536":false,"2048x2048":false},"uagb_author_info":{"display_name":"admin","author_link":"https:\/\/sportunion-oberndorf.hannes-scheibelauer.at\/tischtennis\/author\/admin\/"},"uagb_comment_info":0,"uagb_excerpt":"Verein Die Sektion Tischtennis der Sportunion Oberndorf z\u00e4hlt wohl zu den erfolgreichsten Vereinen im Nieder\u00f6sterreichischen Tischtennissport. Unter der langj\u00e4hrigen Leitung von Franz Sturmlechner wurden viele Titel gewonnen und einige Spitzensportler [&hellip;]","_links":{"self":[{"href":"https:\/\/sportunion-oberndorf.hannes-scheibelauer.at\/tischtennis\/wp-json\/wp\/v2\/pages\/33","targetHints":{"allow":["GET"]}}],"collection":[{"href":"https:\/\/sportunion-oberndorf.hannes-scheibelauer.at\/tischtennis\/wp-json\/wp\/v2\/pages"}],"about":[{"href":"https:\/\/sportunion-oberndorf.hannes-scheibelauer.at\/tischtennis\/wp-json\/wp\/v2\/types\/page"}],"author":[{"embeddable":true,"href":"https:\/\/sportunion-oberndorf.hannes-scheibelauer.at\/tischtennis\/wp-json\/wp\/v2\/users\/1"}],"replies":[{"embeddable":true,"href":"https:\/\/sportunion-oberndorf.hannes-scheibelauer.at\/tischtennis\/wp-json\/wp\/v2\/comments?post=33"}],"version-history":[{"count":25,"href":"https:\/\/sportunion-oberndorf.hannes-scheibelauer.at\/tischtennis\/wp-json\/wp\/v2\/pages\/33\/revisions"}],"predecessor-version":[{"id":309,"href":"https:\/\/sportunion-oberndorf.hannes-scheibelauer.at\/tischtennis\/wp-json\/wp\/v2\/pages\/33\/revisions\/309"}],"wp:attachment":[{"href":"https:\/\/sportunion-oberndorf.hannes-scheibelauer.at\/tischtennis\/wp-json\/wp\/v2\/media?parent=33"}],"curies":[{"name":"wp","href":"https:\/\/api.w.org\/{rel}","templated":true}]}}