{"id":24,"date":"2025-12-28T09:19:13","date_gmt":"2025-12-28T08:19:13","guid":{"rendered":"https:\/\/localhost\/sportunion\/gesamtunion\/?page_id=24"},"modified":"2026-01-14T19:00:36","modified_gmt":"2026-01-14T18:00:36","slug":"fussball","status":"publish","type":"page","link":"https:\/\/sportunion-oberndorf.hannes-scheibelauer.at\/gesamtunion\/fussball\/","title":{"rendered":"Fu\u00dfball"},"content":{"rendered":"\n<div class=\"wp-block-group is-layout-constrained wp-container-core-group-is-layout-72c49429 wp-block-group-is-layout-constrained\" style=\"margin-top:0;margin-bottom:0;padding-top:50px;padding-right:5vw;padding-bottom:50px;padding-left:5vw\">\n<div class=\"wp-block-columns are-vertically-aligned-center is-layout-flex wp-container-core-columns-is-layout-97d9626c wp-block-columns-is-layout-flex\">\n<div class=\"wp-block-column is-vertically-aligned-center is-layout-flow wp-block-column-is-layout-flow\" style=\"--col-width:60%;flex-basis:60%\">\n<h2 class=\"wp-block-heading\">Fu\u00dfball<\/h2>\n\n\n\n<p class=\"has-medium-font-size\">Wir \u201e<strong>Die Gallier<\/strong>\u201c sind die Sektion Fu\u00dfball der Sportunion Oberndorf an der Melk.<\/p>\n\n\n\n<p class=\"has-medium-font-size\">Unsere Sektion besteht aus bescheidenen 20 Mitgliedern.<\/p>\n\n\n\n<p class=\"has-medium-font-size\">Im Winter treffen wir uns jeden Mittwoch um 19.30 Uhr in der Turnhaller der Hauptschule in Oberndorf um unserem Hobby nachzugehen. Nach dem anstrengenden Spiel lassen wir dann den Tag beim gem\u00fctlichen Zusammensein ausklingen. Denn die Gaudi sollte nach einem ergeizigen Spiel nicht zu kurz kommen.<\/p>\n<\/div>\n\n\n\n<div class=\"wp-block-column is-vertically-aligned-center is-layout-flow wp-block-column-is-layout-flow\" style=\"--col-width:40%;flex-basis:40%\">\n<div class=\"wp-block-uagb-image uagb-block-2079950c wp-block-uagb-image--layout-default wp-block-uagb-image--effect-static wp-block-uagb-image--align-none\"><figure class=\"wp-block-uagb-image__figure\"><img decoding=\"async\" srcset=\"https:\/\/sportunion-oberndorf.hannes-scheibelauer.at\/wp-content\/uploads\/sites\/3\/2025\/12\/football-4605744_1920-1.jpg ,https:\/\/sportunion-oberndorf.hannes-scheibelauer.at\/wp-content\/uploads\/sites\/3\/2025\/12\/football-4605744_1920-1.jpg 780w, https:\/\/sportunion-oberndorf.hannes-scheibelauer.at\/wp-content\/uploads\/sites\/3\/2025\/12\/football-4605744_1920-1.jpg 360w\" sizes=\"auto, (max-width: 480px) 150px\" src=\"https:\/\/sportunion-oberndorf.hannes-scheibelauer.at\/wp-content\/uploads\/sites\/3\/2025\/12\/football-4605744_1920-1.jpg\" alt=\"\" class=\"uag-image-11\" width=\"448\" height=\"336\" title=\"football-4605744_1920-1\" loading=\"lazy\" role=\"img\"\/><\/figure><\/div>\n<\/div>\n<\/div>\n<\/div>\n\n\n\n<div class=\"wp-block-group has-ast-global-color-7-background-color has-background is-layout-constrained wp-container-core-group-is-layout-6de786c3 wp-block-group-is-layout-constrained\" style=\"padding-right:5vw;padding-left:5vw\">\n<div class=\"wp-block-columns are-vertically-aligned-center is-layout-flex wp-container-core-columns-is-layout-97d9626c wp-block-columns-is-layout-flex\">\n<div class=\"wp-block-column is-vertically-aligned-center is-layout-flow wp-block-column-is-layout-flow\" style=\"--col-width:40%;flex-basis:40%\">\n<div class=\"wp-block-uagb-image uagb-block-2079950c wp-block-uagb-image--layout-default wp-block-uagb-image--effect-static wp-block-uagb-image--align-none\"><figure class=\"wp-block-uagb-image__figure\"><img decoding=\"async\" srcset=\"https:\/\/sportunion-oberndorf.hannes-scheibelauer.at\/wp-content\/uploads\/sites\/3\/2025\/12\/Mannschaft-1.jpg ,https:\/\/sportunion-oberndorf.hannes-scheibelauer.at\/wp-content\/uploads\/sites\/3\/2025\/12\/Mannschaft-1.jpg 780w, https:\/\/sportunion-oberndorf.hannes-scheibelauer.at\/wp-content\/uploads\/sites\/3\/2025\/12\/Mannschaft-1.jpg 360w\" sizes=\"auto, (max-width: 480px) 150px\" src=\"https:\/\/sportunion-oberndorf.hannes-scheibelauer.at\/wp-content\/uploads\/sites\/3\/2025\/12\/Mannschaft-1.jpg\" alt=\"\" class=\"uag-image-12\" width=\"448\" height=\"336\" title=\"Mannschaft-1\" loading=\"lazy\" role=\"img\"\/><\/figure><\/div>\n<\/div>\n\n\n\n<div class=\"wp-block-column is-vertically-aligned-center is-layout-flow wp-block-column-is-layout-flow\" style=\"--col-width:60%;flex-basis:60%\">\n<figure class=\"wp-block-table is-style-tw-border-h-inner has-medium-font-size\"><table class=\"has-fixed-layout\"><tbody><tr><td><strong>Obmann:<\/strong><\/td><td>H\u00f6rhan Josef<\/td><\/tr><tr><td><strong>Stellvertreter:<\/strong><\/td><td>H\u00f6rhan Dietmar<\/td><\/tr><tr><td><strong>Schriftf\u00fchrer:<\/strong><\/td><td>Zmeck Johann<\/td><\/tr><tr><td><strong>Stellvertreter:<\/strong><\/td><td>Simhofer Thomas<\/td><\/tr><tr><td><strong>Kassier:<\/strong><\/td><td>Deckelmann Bernhard<\/td><\/tr><tr><td><strong>Sportlicher Leiter:<\/strong><\/td><td>Riegler Reinhard<\/td><\/tr><tr><td><strong>Presse:<\/strong><\/td><td>Sturmlechner Rainer<\/td><\/tr><\/tbody><\/table><\/figure>\n<\/div>\n<\/div>\n<\/div>\n\n\n\n<div class=\"wp-block-group has-ast-global-color-5-background-color has-background is-layout-constrained wp-container-core-group-is-layout-6de786c3 wp-block-group-is-layout-constrained\" style=\"padding-right:5vw;padding-left:5vw\">\n<p class=\"has-medium-font-size\">Im Sommer trainieren wir mit dem Hobbyclub D\u00fcrh\u00e4usl auf dessen Fu\u00dfballplatz.<\/p>\n\n\n\n<p class=\"has-medium-font-size\">Ansprechperson: Josef H\u00f6rhan<br><strong>0676\/3133055<\/strong><\/p>\n<\/div>\n","protected":false},"excerpt":{"rendered":"<p>Fu\u00dfball Wir \u201eDie Gallier\u201c sind die Sektion Fu\u00dfball der Sportunion Oberndorf an der Melk. Unsere Sektion besteht aus bescheidenen 20 [&hellip;]<\/p>\n","protected":false},"author":1,"featured_media":0,"parent":0,"menu_order":0,"comment_status":"closed","ping_status":"closed","template":"","meta":{"_uag_custom_page_level_css":"","site-sidebar-layout":"default","site-content-layout":"","ast-site-content-layout":"default","site-content-style":"default","site-sidebar-style":"default","ast-global-header-display":"","ast-banner-title-visibility":"","ast-main-header-display":"","ast-hfb-above-header-display":"","ast-hfb-below-header-display":"","ast-hfb-mobile-header-display":"","site-post-title":"disabled","ast-breadcrumbs-content":"","ast-featured-img":"","footer-sml-layout":"","ast-disable-related-posts":"","theme-transparent-header-meta":"","adv-header-id-meta":"","stick-header-meta":"","header-above-stick-meta":"","header-main-stick-meta":"","header-below-stick-meta":"","astra-migrate-meta-layouts":"default","ast-page-background-enabled":"default","ast-page-background-meta":{"desktop":{"background-color":"var(--ast-global-color-5)","background-image":"","background-repeat":"repeat","background-position":"center center","background-size":"auto","background-attachment":"scroll","background-type":"","background-media":"","overlay-type":"","overlay-color":"","overlay-opacity":"","overlay-gradient":""},"tablet":{"background-color":"","background-image":"","background-repeat":"repeat","background-position":"center center","background-size":"auto","background-attachment":"scroll","background-type":"","background-media":"","overlay-type":"","overlay-color":"","overlay-opacity":"","overlay-gradient":""},"mobile":{"background-color":"","background-image":"","background-repeat":"repeat","background-position":"center center","background-size":"auto","background-attachment":"scroll","background-type":"","background-media":"","overlay-type":"","overlay-color":"","overlay-opacity":"","overlay-gradient":""}},"ast-content-background-meta":{"desktop":{"background-color":"var(--ast-global-color-4)","background-image":"","background-repeat":"repeat","background-position":"center center","background-size":"auto","background-attachment":"scroll","background-type":"","background-media":"","overlay-type":"","overlay-color":"","overlay-opacity":"","overlay-gradient":""},"tablet":{"background-color":"var(--ast-global-color-4)","background-image":"","background-repeat":"repeat","background-position":"center center","background-size":"auto","background-attachment":"scroll","background-type":"","background-media":"","overlay-type":"","overlay-color":"","overlay-opacity":"","overlay-gradient":""},"mobile":{"background-color":"var(--ast-global-color-4)","background-image":"","background-repeat":"repeat","background-position":"center center","background-size":"auto","background-attachment":"scroll","background-type":"","background-media":"","overlay-type":"","overlay-color":"","overlay-opacity":"","overlay-gradient":""}},"footnotes":""},"class_list":["post-24","page","type-page","status-publish","hentry"],"uagb_featured_image_src":{"full":false,"thumbnail":false,"medium":false,"medium_large":false,"large":false,"1536x1536":false,"2048x2048":false},"uagb_author_info":{"display_name":"admin","author_link":"https:\/\/sportunion-oberndorf.hannes-scheibelauer.at\/gesamtunion\/author\/admin\/"},"uagb_comment_info":0,"uagb_excerpt":"Fu\u00dfball Wir \u201eDie Gallier\u201c sind die Sektion Fu\u00dfball der Sportunion Oberndorf an der Melk. Unsere Sektion besteht aus bescheidenen 20 [&hellip;]","_links":{"self":[{"href":"https:\/\/sportunion-oberndorf.hannes-scheibelauer.at\/gesamtunion\/wp-json\/wp\/v2\/pages\/24","targetHints":{"allow":["GET"]}}],"collection":[{"href":"https:\/\/sportunion-oberndorf.hannes-scheibelauer.at\/gesamtunion\/wp-json\/wp\/v2\/pages"}],"about":[{"href":"https:\/\/sportunion-oberndorf.hannes-scheibelauer.at\/gesamtunion\/wp-json\/wp\/v2\/types\/page"}],"author":[{"embeddable":true,"href":"https:\/\/sportunion-oberndorf.hannes-scheibelauer.at\/gesamtunion\/wp-json\/wp\/v2\/users\/1"}],"replies":[{"embeddable":true,"href":"https:\/\/sportunion-oberndorf.hannes-scheibelauer.at\/gesamtunion\/wp-json\/wp\/v2\/comments?post=24"}],"version-history":[{"count":18,"href":"https:\/\/sportunion-oberndorf.hannes-scheibelauer.at\/gesamtunion\/wp-json\/wp\/v2\/pages\/24\/revisions"}],"predecessor-version":[{"id":149,"href":"https:\/\/sportunion-oberndorf.hannes-scheibelauer.at\/gesamtunion\/wp-json\/wp\/v2\/pages\/24\/revisions\/149"}],"wp:attachment":[{"href":"https:\/\/sportunion-oberndorf.hannes-scheibelauer.at\/gesamtunion\/wp-json\/wp\/v2\/media?parent=24"}],"curies":[{"name":"wp","href":"https:\/\/api.w.org\/{rel}","templated":true}]}}