{"id":23,"date":"2025-12-28T09:19:06","date_gmt":"2025-12-28T08:19:06","guid":{"rendered":"https:\/\/localhost\/sportunion\/gesamtunion\/?page_id=23"},"modified":"2026-01-15T09:54:06","modified_gmt":"2026-01-15T08:54:06","slug":"schwimmen","status":"publish","type":"page","link":"https:\/\/sportunion-oberndorf.hannes-scheibelauer.at\/gesamtunion\/schwimmen\/","title":{"rendered":"Schwimmen"},"content":{"rendered":"\n<div class=\"wp-block-group has-ast-global-color-7-background-color has-background is-layout-constrained wp-container-core-group-is-layout-c3e76369 wp-block-group-is-layout-constrained\" style=\"padding-top:50px;padding-right:5vw;padding-bottom:50px;padding-left:5vw\">\n<h2 class=\"wp-block-heading has-x-large-font-size\">Schwimmen<\/h2>\n\n\n\n<div class=\"wp-block-columns are-vertically-aligned-top is-layout-flex wp-container-core-columns-is-layout-97d9626c wp-block-columns-is-layout-flex\">\n<div class=\"wp-block-column is-vertically-aligned-top is-layout-flow wp-block-column-is-layout-flow\" style=\"--col-width:60%;flex-basis:60%\">\n<p class=\"has-medium-font-size\">Gymnastik im Wasser mit Musik macht Spa\u00df und Freude, sorgt f\u00fcr Kondition auch bei kleinen k\u00f6rperlichen Problemen!<\/p>\n\n\n\n<p class=\"has-medium-font-size\">Aquagymnastik: jeden Mittwoch ab 19:30 -20:00 ab 03. November 2021<br>Aqua-Jogging: jeden Mittwoch ab 20:00 -20:30 ab 03. November 2021<\/p>\n\n\n\n<p class=\"has-medium-font-size\">Ansprechperson: Doris Koch<br>07483\/365<\/p>\n<\/div>\n\n\n\n<div class=\"wp-block-column is-vertically-aligned-top is-layout-flow wp-block-column-is-layout-flow\" style=\"--col-width:40%;flex-basis:40%\">\n<div class=\"wp-block-uagb-image uagb-block-ac3a2361 wp-block-uagb-image--layout-default wp-block-uagb-image--effect-static wp-block-uagb-image--align-none\"><figure class=\"wp-block-uagb-image__figure\"><img decoding=\"async\" srcset=\"https:\/\/sportunion-oberndorf.hannes-scheibelauer.at\/wp-content\/uploads\/sites\/3\/2026\/01\/pexels-emily-rose-1076056-2062708.jpg ,https:\/\/sportunion-oberndorf.hannes-scheibelauer.at\/wp-content\/uploads\/sites\/3\/2026\/01\/pexels-emily-rose-1076056-2062708.jpg 780w, https:\/\/sportunion-oberndorf.hannes-scheibelauer.at\/wp-content\/uploads\/sites\/3\/2026\/01\/pexels-emily-rose-1076056-2062708.jpg 360w\" sizes=\"auto, (max-width: 480px) 150px\" src=\"https:\/\/sportunion-oberndorf.hannes-scheibelauer.at\/wp-content\/uploads\/sites\/3\/2026\/01\/pexels-emily-rose-1076056-2062708.jpg\" alt=\"\" class=\"uag-image-108\" width=\"3872\" height=\"2592\" title=\"pexels-emily-rose-1076056-2062708\" loading=\"lazy\" role=\"img\"\/><\/figure><\/div>\n<\/div>\n<\/div>\n<\/div>\n\n\n\n<p><\/p>\n","protected":false},"excerpt":{"rendered":"<p>Schwimmen Gymnastik im Wasser mit Musik macht Spa\u00df und Freude, sorgt f\u00fcr Kondition auch bei kleinen k\u00f6rperlichen Problemen! Aquagymnastik: jeden [&hellip;]<\/p>\n","protected":false},"author":1,"featured_media":0,"parent":0,"menu_order":0,"comment_status":"closed","ping_status":"closed","template":"","meta":{"_uag_custom_page_level_css":"","site-sidebar-layout":"default","site-content-layout":"","ast-site-content-layout":"default","site-content-style":"default","site-sidebar-style":"default","ast-global-header-display":"","ast-banner-title-visibility":"","ast-main-header-display":"","ast-hfb-above-header-display":"","ast-hfb-below-header-display":"","ast-hfb-mobile-header-display":"","site-post-title":"disabled","ast-breadcrumbs-content":"","ast-featured-img":"","footer-sml-layout":"","ast-disable-related-posts":"","theme-transparent-header-meta":"","adv-header-id-meta":"","stick-header-meta":"","header-above-stick-meta":"","header-main-stick-meta":"","header-below-stick-meta":"","astra-migrate-meta-layouts":"default","ast-page-background-enabled":"default","ast-page-background-meta":{"desktop":{"background-color":"var(--ast-global-color-5)","background-image":"","background-repeat":"repeat","background-position":"center center","background-size":"auto","background-attachment":"scroll","background-type":"","background-media":"","overlay-type":"","overlay-color":"","overlay-opacity":"","overlay-gradient":""},"tablet":{"background-color":"","background-image":"","background-repeat":"repeat","background-position":"center center","background-size":"auto","background-attachment":"scroll","background-type":"","background-media":"","overlay-type":"","overlay-color":"","overlay-opacity":"","overlay-gradient":""},"mobile":{"background-color":"","background-image":"","background-repeat":"repeat","background-position":"center center","background-size":"auto","background-attachment":"scroll","background-type":"","background-media":"","overlay-type":"","overlay-color":"","overlay-opacity":"","overlay-gradient":""}},"ast-content-background-meta":{"desktop":{"background-color":"var(--ast-global-color-4)","background-image":"","background-repeat":"repeat","background-position":"center center","background-size":"auto","background-attachment":"scroll","background-type":"","background-media":"","overlay-type":"","overlay-color":"","overlay-opacity":"","overlay-gradient":""},"tablet":{"background-color":"var(--ast-global-color-4)","background-image":"","background-repeat":"repeat","background-position":"center center","background-size":"auto","background-attachment":"scroll","background-type":"","background-media":"","overlay-type":"","overlay-color":"","overlay-opacity":"","overlay-gradient":""},"mobile":{"background-color":"var(--ast-global-color-4)","background-image":"","background-repeat":"repeat","background-position":"center center","background-size":"auto","background-attachment":"scroll","background-type":"","background-media":"","overlay-type":"","overlay-color":"","overlay-opacity":"","overlay-gradient":""}},"footnotes":""},"class_list":["post-23","page","type-page","status-publish","hentry"],"uagb_featured_image_src":{"full":false,"thumbnail":false,"medium":false,"medium_large":false,"large":false,"1536x1536":false,"2048x2048":false},"uagb_author_info":{"display_name":"admin","author_link":"https:\/\/sportunion-oberndorf.hannes-scheibelauer.at\/gesamtunion\/author\/admin\/"},"uagb_comment_info":0,"uagb_excerpt":"Schwimmen Gymnastik im Wasser mit Musik macht Spa\u00df und Freude, sorgt f\u00fcr Kondition auch bei kleinen k\u00f6rperlichen Problemen! Aquagymnastik: jeden [&hellip;]","_links":{"self":[{"href":"https:\/\/sportunion-oberndorf.hannes-scheibelauer.at\/gesamtunion\/wp-json\/wp\/v2\/pages\/23","targetHints":{"allow":["GET"]}}],"collection":[{"href":"https:\/\/sportunion-oberndorf.hannes-scheibelauer.at\/gesamtunion\/wp-json\/wp\/v2\/pages"}],"about":[{"href":"https:\/\/sportunion-oberndorf.hannes-scheibelauer.at\/gesamtunion\/wp-json\/wp\/v2\/types\/page"}],"author":[{"embeddable":true,"href":"https:\/\/sportunion-oberndorf.hannes-scheibelauer.at\/gesamtunion\/wp-json\/wp\/v2\/users\/1"}],"replies":[{"embeddable":true,"href":"https:\/\/sportunion-oberndorf.hannes-scheibelauer.at\/gesamtunion\/wp-json\/wp\/v2\/comments?post=23"}],"version-history":[{"count":9,"href":"https:\/\/sportunion-oberndorf.hannes-scheibelauer.at\/gesamtunion\/wp-json\/wp\/v2\/pages\/23\/revisions"}],"predecessor-version":[{"id":175,"href":"https:\/\/sportunion-oberndorf.hannes-scheibelauer.at\/gesamtunion\/wp-json\/wp\/v2\/pages\/23\/revisions\/175"}],"wp:attachment":[{"href":"https:\/\/sportunion-oberndorf.hannes-scheibelauer.at\/gesamtunion\/wp-json\/wp\/v2\/media?parent=23"}],"curies":[{"name":"wp","href":"https:\/\/api.w.org\/{rel}","templated":true}]}}