{"id":2,"date":"2025-12-27T12:21:44","date_gmt":"2025-12-27T11:21:44","guid":{"rendered":"https:\/\/localhost\/sportunion\/gesamtunion\/?page_id=2"},"modified":"2026-03-27T10:07:18","modified_gmt":"2026-03-27T09:07:18","slug":"beispiel-seite","status":"publish","type":"page","link":"https:\/\/sportunion-oberndorf.hannes-scheibelauer.at\/gesamtunion\/","title":{"rendered":"Home"},"content":{"rendered":"\n<div class=\"wp-block-cover\" style=\"min-height:430px;aspect-ratio:unset;\"><img loading=\"lazy\" decoding=\"async\" width=\"4048\" height=\"3036\" sizes=\"auto, (max-width: 799px) 200vw, (max-width: 4048px) 100vw, 4048px\" class=\"wp-block-cover__image-background wp-image-70 size-full\" alt=\"\" src=\"https:\/\/sportunion-oberndorf.hannes-scheibelauer.at\/wp-content\/uploads\/sites\/3\/2026\/01\/pexels-ajaybhargavguduru-863988.jpg\" data-object-fit=\"cover\"\/><span aria-hidden=\"true\" class=\"wp-block-cover__background has-background-dim\" style=\"background-color:#3696b3\"><\/span><div class=\"wp-block-cover__inner-container is-layout-constrained wp-block-cover-is-layout-constrained\">\n<p class=\"has-text-align-center has-ast-global-color-4-color has-text-color has-link-color has-x-large-font-size wp-elements-79d343c9ddd74fc5b3e8fced813dd61f\">Gesamtunion<\/p>\n<\/div><\/div>\n\n\n\n<div class=\"wp-block-group has-ast-global-color-7-background-color has-background is-layout-constrained wp-container-core-group-is-layout-c3f28377 wp-block-group-is-layout-constrained\" style=\"padding-top:40px;padding-right:5vw;padding-bottom:40px;padding-left:5vw\">\n<p class=\"has-text-align-center has-ast-global-color-2-color has-text-color has-link-color has-medium-font-size wp-elements-16821ccb2cc7b7f4587ec62c2aaa5d10\">Herzlich Willkommen auf der Homepage der Sportunion Raiffeisen Oberndorf. Wir freuen uns Sie hier begr\u00fcssen zu d\u00fcrfen.<br>Auf den folgenden Seiten finden Sie eine kurze \u00dcbersicht der Sektionen und des Sportprogramms welches die Union zur Verf\u00fcgung stellt.<\/p>\n\n\n\n<h2 class=\"wp-block-heading has-text-align-center has-large-font-size\" style=\"margin-top:var(--wp--preset--spacing--70);margin-bottom:var(--wp--preset--spacing--60)\">News<\/h2>\n\n\n\n\t\t\t<div class=\"wp-block-uagb-post-grid uagb-post-grid  uagb-post__image-position-top uagb-post__image-enabled uagb-block-1a28b6f2     uagb-post__items uagb-post__columns-3 is-grid uagb-post__columns-tablet-2 uagb-post__columns-mobile-1 uagb-post__equal-height\" data-total=\"1\" style=\"\">\n\n\t\t\t\t\t\t\t\t\t\t\t\t<article class=\"uagb-post__inner-wrap\">\t\t\t\t\t\t\t\t<div class='uagb-post__image'>\n\t\t\t\t\t\t\t\t\t<a href=\"https:\/\/sportunion-oberndorf.hannes-scheibelauer.at\/gesamtunion\/2025\/12\/28\/hallo-welt3\/\" target=\"_blank\" rel=\"bookmark noopener noreferrer\" class='uagb-image-ratio-2-3'><img loading=\"lazy\" decoding=\"async\" width=\"300\" height=\"200\" src=\"https:\/\/sportunion-oberndorf.hannes-scheibelauer.at\/gesamtunion\/wp-content\/uploads\/sites\/3\/2025\/12\/football-4605744_1920-1.jpg\" class=\"attachment-medium size-medium\" alt=\"\" \/>\t\t\t\t\t<\/a>\n\t\t\t\t\t\t\t<\/div>\n\t\t\t\t\t\t<h4 class=\"uagb-post__title uagb-post__text\">\n\t\t\t\t<a href=\"https:\/\/sportunion-oberndorf.hannes-scheibelauer.at\/gesamtunion\/2025\/12\/28\/hallo-welt3\/\" target=\"_blank\" rel=\"bookmark noopener noreferrer\">Hallo Welt!3<\/a>\n\t\t\t<\/h4>\n\t\t\t\t\t\t<div class='uagb-post__text uagb-post-grid-byline'>\n\t\t\t\t\t\t\t\t<time datetime=\"2025-12-28T09:18:33+01:00\" class=\"uagb-post__date\">\n\t\t\t\t\t\t\t\t\t28. Dezember 2025\t\t\t\t<\/time>\n\t\t\t\t\t\t<\/div>\n\t\t\t\t\t\t\t<div class='uagb-post__text uagb-post__excerpt'>\n\t\t\t\t\t<p>Willkommen bei Sportunion Oberndorf Websites. Dies ist dein erster Beitrag&#8230;.\t\t\t\t<\/div>\n\t\t\t\t\t\t<div class=\"uagb-post__text uagb-post__cta wp-block-button\">\n\t\t\t\t<a class=\"wp-block-button__link uagb-text-link\" style=\"\" href=\"https:\/\/sportunion-oberndorf.hannes-scheibelauer.at\/gesamtunion\/2025\/12\/28\/hallo-welt3\/\" target=\"_blank\" rel=\"bookmark noopener noreferrer\">Mehr Erfahren<\/a>\n\t\t\t<\/div>\n\t\t\t\n\t\t\t\t\t\t\t\t\t<\/article>\n\t\t\t\t\t\t\t\t\t\t\t\t\t\t\t\t<article class=\"uagb-post__inner-wrap\">\t\t\t\t\t\t\t\t<div class='uagb-post__image'>\n\t\t\t\t\t\t\t\t\t<a href=\"https:\/\/sportunion-oberndorf.hannes-scheibelauer.at\/gesamtunion\/2025\/12\/28\/hallo-welt2\/\" target=\"_blank\" rel=\"bookmark noopener noreferrer\" class='uagb-image-ratio-2-3'><img loading=\"lazy\" decoding=\"async\" width=\"300\" height=\"200\" src=\"https:\/\/sportunion-oberndorf.hannes-scheibelauer.at\/gesamtunion\/wp-content\/uploads\/sites\/3\/2025\/12\/football-4605744_1920-1.jpg\" class=\"attachment-medium size-medium\" alt=\"\" \/>\t\t\t\t\t<\/a>\n\t\t\t\t\t\t\t<\/div>\n\t\t\t\t\t\t<h4 class=\"uagb-post__title uagb-post__text\">\n\t\t\t\t<a href=\"https:\/\/sportunion-oberndorf.hannes-scheibelauer.at\/gesamtunion\/2025\/12\/28\/hallo-welt2\/\" target=\"_blank\" rel=\"bookmark noopener noreferrer\">Hallo Welt!2<\/a>\n\t\t\t<\/h4>\n\t\t\t\t\t\t<div class='uagb-post__text uagb-post-grid-byline'>\n\t\t\t\t\t\t\t\t<time datetime=\"2025-12-28T09:18:28+01:00\" class=\"uagb-post__date\">\n\t\t\t\t\t\t\t\t\t28. Dezember 2025\t\t\t\t<\/time>\n\t\t\t\t\t\t<\/div>\n\t\t\t\t\t\t\t<div class='uagb-post__text uagb-post__excerpt'>\n\t\t\t\t\t<p>Willkommen bei Sportunion Oberndorf Websites. Dies ist dein erster Beitrag&#8230;.\t\t\t\t<\/div>\n\t\t\t\t\t\t<div class=\"uagb-post__text uagb-post__cta wp-block-button\">\n\t\t\t\t<a class=\"wp-block-button__link uagb-text-link\" style=\"\" href=\"https:\/\/sportunion-oberndorf.hannes-scheibelauer.at\/gesamtunion\/2025\/12\/28\/hallo-welt2\/\" target=\"_blank\" rel=\"bookmark noopener noreferrer\">Mehr Erfahren<\/a>\n\t\t\t<\/div>\n\t\t\t\n\t\t\t\t\t\t\t\t\t<\/article>\n\t\t\t\t\t\t\t\t\t\t\t\t\t\t\t\t<article class=\"uagb-post__inner-wrap\">\t\t\t\t\t\t\t\t<div class='uagb-post__image'>\n\t\t\t\t\t\t\t\t\t<a href=\"https:\/\/sportunion-oberndorf.hannes-scheibelauer.at\/gesamtunion\/2025\/12\/27\/hallo-welt\/\" target=\"_blank\" rel=\"bookmark noopener noreferrer\" class='uagb-image-ratio-2-3'><img loading=\"lazy\" decoding=\"async\" width=\"300\" height=\"200\" src=\"https:\/\/sportunion-oberndorf.hannes-scheibelauer.at\/gesamtunion\/wp-content\/uploads\/sites\/3\/2025\/12\/football-4605744_1920-1.jpg\" class=\"attachment-medium size-medium\" alt=\"\" \/>\t\t\t\t\t<\/a>\n\t\t\t\t\t\t\t<\/div>\n\t\t\t\t\t\t<h4 class=\"uagb-post__title uagb-post__text\">\n\t\t\t\t<a href=\"https:\/\/sportunion-oberndorf.hannes-scheibelauer.at\/gesamtunion\/2025\/12\/27\/hallo-welt\/\" target=\"_blank\" rel=\"bookmark noopener noreferrer\">Hallo Welt!<\/a>\n\t\t\t<\/h4>\n\t\t\t\t\t\t<div class='uagb-post__text uagb-post-grid-byline'>\n\t\t\t\t\t\t\t\t<time datetime=\"2025-12-27T12:21:44+01:00\" class=\"uagb-post__date\">\n\t\t\t\t\t\t\t\t\t27. Dezember 2025\t\t\t\t<\/time>\n\t\t\t\t\t\t<\/div>\n\t\t\t\t\t\t\t<div class='uagb-post__text uagb-post__excerpt'>\n\t\t\t\t\t<p>Willkommen bei Sportunion Oberndorf Websites. Dies ist dein erster Beitrag&#8230;.\t\t\t\t<\/div>\n\t\t\t\t\t\t<div class=\"uagb-post__text uagb-post__cta wp-block-button\">\n\t\t\t\t<a class=\"wp-block-button__link uagb-text-link\" style=\"\" href=\"https:\/\/sportunion-oberndorf.hannes-scheibelauer.at\/gesamtunion\/2025\/12\/27\/hallo-welt\/\" target=\"_blank\" rel=\"bookmark noopener noreferrer\">Mehr Erfahren<\/a>\n\t\t\t<\/div>\n\t\t\t\n\t\t\t\t\t\t\t\t\t<\/article>\n\t\t\t\t\t\t\t\t\t\t\t<\/div>\n\t\t\t<\/div>\n\n\n\n<div class=\"wp-block-group is-layout-constrained wp-container-core-group-is-layout-6de786c3 wp-block-group-is-layout-constrained\" style=\"padding-right:5vw;padding-left:5vw\">\n<p class=\"has-text-align-center has-large-font-size\"><strong>Entdecke Unsere Sektionen<\/strong><\/p>\n\n\n\n<div class=\"wp-block-columns are-vertically-aligned-center justify-center is-layout-flex wp-container-core-columns-is-layout-9e6a630e wp-block-columns-is-layout-flex\">\n<div class=\"wp-block-column is-vertically-aligned-center has-ast-global-color-7-background-color has-background is-layout-flow wp-block-column-is-layout-flow\" style=\"--col-width:400px;flex-basis:400px\">\n<div class=\"wp-block-uagb-image uagb-block-2a95df82 wp-block-uagb-image--layout-default wp-block-uagb-image--effect-static wp-block-uagb-image--align-none\"><figure class=\"wp-block-uagb-image__figure\"><img decoding=\"async\" srcset=\"https:\/\/sportunion-oberndorf.hannes-scheibelauer.at\/wp-content\/uploads\/sites\/3\/2026\/01\/Gallier-1-300x225-1.jpg ,https:\/\/sportunion-oberndorf.hannes-scheibelauer.at\/wp-content\/uploads\/sites\/3\/2026\/01\/Gallier-1-300x225-1.jpg 780w, https:\/\/sportunion-oberndorf.hannes-scheibelauer.at\/wp-content\/uploads\/sites\/3\/2026\/01\/Gallier-1-300x225-1.jpg 360w\" sizes=\"auto, (max-width: 480px) 150px\" src=\"https:\/\/sportunion-oberndorf.hannes-scheibelauer.at\/wp-content\/uploads\/sites\/3\/2026\/01\/Gallier-1-300x225-1.jpg\" alt=\"\" class=\"uag-image-86\" width=\"400\" height=\"280\" title=\"Gallier-1-300x225\" loading=\"lazy\" role=\"img\"\/><\/figure><\/div>\n\n\n\n<div class=\"wp-block-group is-layout-constrained wp-container-core-group-is-layout-ff778368 wp-block-group-is-layout-constrained\" style=\"padding-right:var(--wp--preset--spacing--30);padding-left:var(--wp--preset--spacing--30)\">\n<h2 class=\"wp-block-heading\" style=\"margin-top:var(--wp--preset--spacing--20);margin-bottom:var(--wp--preset--spacing--20)\"><a href=\"https:\/\/sportunion-oberndorf.hannes-scheibelauer.at\/gesamtunion\/fussball\/\" data-type=\"page\" data-id=\"24\">Fu\u00dfball<\/a><\/h2>\n\n\n\n<p style=\"margin-top:var(--wp--preset--spacing--20);margin-bottom:var(--wp--preset--spacing--20)\">Lorem ipsum dolor sit amet, consetetur sadipscing elitr, sed diam<\/p>\n<\/div>\n<\/div>\n\n\n\n<div class=\"wp-block-column is-vertically-aligned-center has-ast-global-color-7-background-color has-background is-layout-flow wp-block-column-is-layout-flow\" style=\"--col-width:400px;flex-basis:400px\">\n<div class=\"wp-block-uagb-image uagb-block-01ca6eee wp-block-uagb-image--layout-default wp-block-uagb-image--effect-static wp-block-uagb-image--align-none\"><figure class=\"wp-block-uagb-image__figure\"><img decoding=\"async\" srcset=\"https:\/\/sportunion-oberndorf.hannes-scheibelauer.at\/wp-content\/uploads\/sites\/3\/2026\/01\/turnen-1.jpeg ,https:\/\/sportunion-oberndorf.hannes-scheibelauer.at\/wp-content\/uploads\/sites\/3\/2026\/01\/turnen-1.jpeg 780w, https:\/\/sportunion-oberndorf.hannes-scheibelauer.at\/wp-content\/uploads\/sites\/3\/2026\/01\/turnen-1.jpeg 360w\" sizes=\"auto, (max-width: 480px) 150px\" src=\"https:\/\/sportunion-oberndorf.hannes-scheibelauer.at\/wp-content\/uploads\/sites\/3\/2026\/01\/turnen-1.jpeg\" alt=\"\" class=\"uag-image-85\" width=\"400\" height=\"280\" title=\"turnen-1\" loading=\"lazy\" role=\"img\"\/><\/figure><\/div>\n\n\n\n<div class=\"wp-block-group is-layout-constrained wp-container-core-group-is-layout-ff778368 wp-block-group-is-layout-constrained\" style=\"padding-right:var(--wp--preset--spacing--30);padding-left:var(--wp--preset--spacing--30)\">\n<h2 class=\"wp-block-heading\" style=\"margin-top:var(--wp--preset--spacing--20);margin-bottom:var(--wp--preset--spacing--20)\"><a href=\"https:\/\/sportunion-oberndorf.hannes-scheibelauer.at\/gesamtunion\/turnen\/\" data-type=\"page\" data-id=\"25\">Turnen<\/a><\/h2>\n\n\n\n<p style=\"margin-top:var(--wp--preset--spacing--20);margin-bottom:var(--wp--preset--spacing--20)\">Lorem ipsum dolor sit amet, consetetur sadipscing elitr, sed diam<\/p>\n<\/div>\n<\/div>\n\n\n\n<div class=\"wp-block-column is-vertically-aligned-center has-ast-global-color-7-background-color has-background is-layout-flow wp-block-column-is-layout-flow\" style=\"--col-width:400px;flex-basis:400px\">\n<div class=\"wp-block-uagb-image uagb-block-ece6d23f wp-block-uagb-image--layout-default wp-block-uagb-image--effect-static wp-block-uagb-image--align-none\"><figure class=\"wp-block-uagb-image__figure\"><img decoding=\"async\" srcset=\"https:\/\/sportunion-oberndorf.hannes-scheibelauer.at\/wp-content\/uploads\/sites\/3\/2026\/01\/pexels-jim-de-ramos-395808-1263348.jpg ,https:\/\/sportunion-oberndorf.hannes-scheibelauer.at\/wp-content\/uploads\/sites\/3\/2026\/01\/pexels-jim-de-ramos-395808-1263348.jpg 780w, https:\/\/sportunion-oberndorf.hannes-scheibelauer.at\/wp-content\/uploads\/sites\/3\/2026\/01\/pexels-jim-de-ramos-395808-1263348.jpg 360w\" sizes=\"auto, (max-width: 480px) 150px\" src=\"https:\/\/sportunion-oberndorf.hannes-scheibelauer.at\/wp-content\/uploads\/sites\/3\/2026\/01\/pexels-jim-de-ramos-395808-1263348.jpg\" alt=\"\" class=\"uag-image-106\" width=\"400\" height=\"280\" title=\"pexels-jim-de-ramos-395808-1263348\" loading=\"lazy\" role=\"img\"\/><\/figure><\/div>\n\n\n\n<div class=\"wp-block-group is-layout-constrained wp-container-core-group-is-layout-ff778368 wp-block-group-is-layout-constrained\" style=\"padding-right:var(--wp--preset--spacing--30);padding-left:var(--wp--preset--spacing--30)\">\n<h2 class=\"wp-block-heading\" style=\"margin-top:var(--wp--preset--spacing--20);margin-bottom:var(--wp--preset--spacing--20)\"><a href=\"https:\/\/sportunion-oberndorf.hannes-scheibelauer.at\/gesamtunion\/schwimmen\/\" data-type=\"page\" data-id=\"23\">Schwimmen<\/a><\/h2>\n\n\n\n<p style=\"margin-top:var(--wp--preset--spacing--20);margin-bottom:var(--wp--preset--spacing--20)\">Lorem ipsum dolor sit amet, consetetur sadipscing elitr, sed diam<\/p>\n<\/div>\n<\/div>\n<\/div>\n<\/div>\n\n\n\n<div class=\"wp-block-group is-layout-constrained wp-container-core-group-is-layout-6de786c3 wp-block-group-is-layout-constrained\" style=\"padding-right:5vw;padding-left:5vw\">\n<p class=\"has-text-align-center has-large-font-size\"><strong>Wie alles begann!<\/strong><\/p>\n\n\n\n<p class=\"has-medium-font-size\">Am 29. August 1968 fand die erste Hauptversammlung des neu gegr\u00fcndeten Vereines \u201eTURNVEREIN OBERNDORF\u201c in der Hauptschule statt. Die offizielle Gr\u00fcndung und der Bescheid des Landes N\u00d6 tragen das Datum des 6. Sept. 1968. Als Obmann war Fachlehrer Karl Huber angef\u00fchrt, seine Stellvertreterin H\u00f6rhan Elfriede, sowie Zehetner Erika als Schriftf\u00fchrerin und Veronika Weichberger als Kassenwart waren mit den \u00c4mtern betraut. Aus der Idee heraus von Elfriede H\u00f6rhan und Veronika Weichberger turnen zu wollen, entstand 1968 der \u201eTurnverein Oberndorf\u201c. Es gab damals zwei Turnerinnengruppen: am Mittwoch die Frauen und am Donnerstag die M\u00e4dchen. Nach einigen Jahren wurde Karl Huber von Waltraud Schuhmeier an der Spitze abgel\u00f6st.<\/p>\n\n\n<\/div>\n\n\n\n<p><\/p>\n","protected":false},"excerpt":{"rendered":"<p>Herzlich Willkommen auf der Homepage der Sportunion Raiffeisen Oberndorf. Wir freuen uns Sie hier begr\u00fcssen zu d\u00fcrfen.Auf den folgenden Seiten [&hellip;]<\/p>\n","protected":false},"author":1,"featured_media":0,"parent":0,"menu_order":0,"comment_status":"closed","ping_status":"closed","template":"","meta":{"_uag_custom_page_level_css":"","site-sidebar-layout":"default","site-content-layout":"","ast-site-content-layout":"default","site-content-style":"default","site-sidebar-style":"default","ast-global-header-display":"","ast-banner-title-visibility":"","ast-main-header-display":"","ast-hfb-above-header-display":"","ast-hfb-below-header-display":"","ast-hfb-mobile-header-display":"","site-post-title":"disabled","ast-breadcrumbs-content":"","ast-featured-img":"","footer-sml-layout":"","ast-disable-related-posts":"","theme-transparent-header-meta":"","adv-header-id-meta":"","stick-header-meta":"","header-above-stick-meta":"","header-main-stick-meta":"","header-below-stick-meta":"","astra-migrate-meta-layouts":"default","ast-page-background-enabled":"default","ast-page-background-meta":{"desktop":{"background-color":"var(--ast-global-color-5)","background-image":"","background-repeat":"repeat","background-position":"center center","background-size":"auto","background-attachment":"scroll","background-type":"","background-media":"","overlay-type":"","overlay-color":"","overlay-opacity":"","overlay-gradient":""},"tablet":{"background-color":"","background-image":"","background-repeat":"repeat","background-position":"center center","background-size":"auto","background-attachment":"scroll","background-type":"","background-media":"","overlay-type":"","overlay-color":"","overlay-opacity":"","overlay-gradient":""},"mobile":{"background-color":"","background-image":"","background-repeat":"repeat","background-position":"center center","background-size":"auto","background-attachment":"scroll","background-type":"","background-media":"","overlay-type":"","overlay-color":"","overlay-opacity":"","overlay-gradient":""}},"ast-content-background-meta":{"desktop":{"background-color":"var(--ast-global-color-4)","background-image":"","background-repeat":"repeat","background-position":"center center","background-size":"auto","background-attachment":"scroll","background-type":"","background-media":"","overlay-type":"","overlay-color":"","overlay-opacity":"","overlay-gradient":""},"tablet":{"background-color":"var(--ast-global-color-4)","background-image":"","background-repeat":"repeat","background-position":"center center","background-size":"auto","background-attachment":"scroll","background-type":"","background-media":"","overlay-type":"","overlay-color":"","overlay-opacity":"","overlay-gradient":""},"mobile":{"background-color":"var(--ast-global-color-4)","background-image":"","background-repeat":"repeat","background-position":"center center","background-size":"auto","background-attachment":"scroll","background-type":"","background-media":"","overlay-type":"","overlay-color":"","overlay-opacity":"","overlay-gradient":""}},"footnotes":""},"class_list":["post-2","page","type-page","status-publish","hentry"],"uagb_featured_image_src":{"full":false,"thumbnail":false,"medium":false,"medium_large":false,"large":false,"1536x1536":false,"2048x2048":false},"uagb_author_info":{"display_name":"admin","author_link":"https:\/\/sportunion-oberndorf.hannes-scheibelauer.at\/gesamtunion\/author\/admin\/"},"uagb_comment_info":0,"uagb_excerpt":"Herzlich Willkommen auf der Homepage der Sportunion Raiffeisen Oberndorf. Wir freuen uns Sie hier begr\u00fcssen zu d\u00fcrfen.Auf den folgenden Seiten [&hellip;]","_links":{"self":[{"href":"https:\/\/sportunion-oberndorf.hannes-scheibelauer.at\/gesamtunion\/wp-json\/wp\/v2\/pages\/2","targetHints":{"allow":["GET"]}}],"collection":[{"href":"https:\/\/sportunion-oberndorf.hannes-scheibelauer.at\/gesamtunion\/wp-json\/wp\/v2\/pages"}],"about":[{"href":"https:\/\/sportunion-oberndorf.hannes-scheibelauer.at\/gesamtunion\/wp-json\/wp\/v2\/types\/page"}],"author":[{"embeddable":true,"href":"https:\/\/sportunion-oberndorf.hannes-scheibelauer.at\/gesamtunion\/wp-json\/wp\/v2\/users\/1"}],"replies":[{"embeddable":true,"href":"https:\/\/sportunion-oberndorf.hannes-scheibelauer.at\/gesamtunion\/wp-json\/wp\/v2\/comments?post=2"}],"version-history":[{"count":43,"href":"https:\/\/sportunion-oberndorf.hannes-scheibelauer.at\/gesamtunion\/wp-json\/wp\/v2\/pages\/2\/revisions"}],"predecessor-version":[{"id":181,"href":"https:\/\/sportunion-oberndorf.hannes-scheibelauer.at\/gesamtunion\/wp-json\/wp\/v2\/pages\/2\/revisions\/181"}],"wp:attachment":[{"href":"https:\/\/sportunion-oberndorf.hannes-scheibelauer.at\/gesamtunion\/wp-json\/wp\/v2\/media?parent=2"}],"curies":[{"name":"wp","href":"https:\/\/api.w.org\/{rel}","templated":true}]}}